{"id":3987,"date":"2026-02-16T07:34:20","date_gmt":"2026-02-16T13:34:20","guid":{"rendered":"https:\/\/saintnicholas.ed.cr\/?page_id=3987"},"modified":"2026-03-22T14:13:08","modified_gmt":"2026-03-22T20:13:08","slug":"nosotros-2-2","status":"publish","type":"page","link":"https:\/\/saintnicholas.ed.cr\/en\/nosotros-2-2\/","title":{"rendered":"NOSOTROS."},"content":{"rendered":"\n<div class=\"wp-block-uagb-container uagb-block-voibrqst alignfull uagb-is-root-container\"><div class=\"uagb-container-inner-blocks-wrap\">\n<div class=\"wp-block-uagb-info-box uagb-block-hnlosrwn uagb-infobox__content-wrap  uagb-infobox-icon-above-title uagb-infobox-image-valign-top\"><div class=\"uagb-ifb-content\"><div class=\"uagb-ifb-title-wrap\"><h1 class=\"uagb-ifb-title\">NOSOTROS<\/h1><\/div><p class=\"uagb-ifb-desc\">Somos una instituci\u00f3n educativa del siglo XXI que abri\u00f3 sus puertas en el a\u00f1o 2000, con el prop\u00f3sito de ofrecer una formaci\u00f3n integral y de alta calidad. Brindamos una opci\u00f3n educativa excepcional para padres y madres de familia que buscan excelencia acad\u00e9mica triling\u00fce y atenci\u00f3n personalizada para sus hijos e hijas.<br>Nos renovamos constantemente para mantenernos a la vanguardia en educaci\u00f3n, idiomas, tecnolog\u00eda y capacitaci\u00f3n continua de nuestro personal docente y administrativo. Con un fuerte enfoque en la producci\u00f3n oral de idiomas, contamos con certificaciones internacionales como OXFORD y DELF, que acreditan a nuestros profesores en la ense\u00f1anza del lenguaje.<br><br>Somos una instituci\u00f3n reconocida por el Ministerio de Educaci\u00f3n P\u00fablica (MEP) y contamos con alianzas estrat\u00e9gicas con Oxford, Programas Interculturales (AFS), U.S. Space &amp; Rocket Center y Arukay. Adem\u00e1s, poseemos la acreditaci\u00f3n internacional de la UNESCO y somos miembros de la Asociaci\u00f3n de Centros Educativos Privados.<br><br>Comprometidos con el medio ambiente y la sociedad, participamos en programas como Bandera Azul Ecol\u00f3gica (BAE) y desarrollamos iniciativas de responsabilidad social. Formamos estudiantes preparados para el futuro, con una educaci\u00f3n integral, sostenible y con visi\u00f3n global.<\/p><\/div><\/div>\n\n\n\n<div style=\"height:27px\" aria-hidden=\"true\" class=\"wp-block-spacer\"><\/div>\n\n\n\n<div class=\"wp-block-uagb-buttons uagb-buttons__outer-wrap uagb-btn__default-btn uagb-btn-tablet__default-btn uagb-btn-mobile__default-btn uagb-block-acdad9b9\"><div class=\"uagb-buttons__wrap uagb-buttons-layout-wrap \">\n<div data-aos= \"fade-up\" data-aos-duration=\"400\" data-aos-delay=\"0\" data-aos-easing=\"ease\" data-aos-once=\"true\" class=\"wp-block-uagb-buttons-child uagb-buttons__outer-wrap uagb-block-d17a1f5d wp-block-button\"><div class=\"uagb-button__wrapper\"><a class=\"uagb-buttons-repeater wp-block-button__link\" aria-label=\"\" href=\"https:\/\/wa.me\/50661161920\" rel=\"follow noopener\" target=\"_self\" role=\"button\"><div class=\"uagb-button__link\">MATR\u00cdCULA<\/div><\/a><\/div><\/div>\n<\/div><\/div>\n<\/div><\/div>\n\n\n\n<div style=\"height:113px\" aria-hidden=\"true\" class=\"wp-block-spacer\"><\/div>\n\n\n\n<div class=\"wp-block-uagb-info-box uagb-block-3f5cfe86 uagb-infobox__content-wrap  uagb-infobox-icon-above-title uagb-infobox-image-valign-top\"><div class=\"uagb-ifb-content\"><div class=\"uagb-ifb-title-wrap\"><h1 class=\"uagb-ifb-title\">NUESTRA FILOSOF\u00cdA<\/h1><\/div><p class=\"uagb-ifb-desc\">Nuestra filosof\u00eda educativa reconoce la naturaleza \u00fanica de cada estudiante, valorando sus diferencias individuales y brindando oportunidades reales para su crecimiento personal. Promovemos la formaci\u00f3n de h\u00e1bitos, la adquisici\u00f3n de conocimientos y el desarrollo de una s\u00f3lida base \u00e9tica y moral que los acompa\u00f1e a lo largo de sus vidas.<br>Entendemos a nuestros estudiantes como seres integrales, por lo que atendemos sus dimensiones f\u00edsica, social, psicol\u00f3gica y vocacional. Buscamos potenciar sus fortalezas sin encasillarlos, gui\u00e1ndolos con valores que les permitan construir su propio camino y desarrollarse con seguridad, responsabilidad y sentido humano.<\/p><\/div><\/div>\n\n\n\n<div style=\"height:37px\" aria-hidden=\"true\" class=\"wp-block-spacer\"><\/div>\n\n\n\n<div class=\"wp-block-uagb-advanced-heading uagb-block-fba6074e\"><h2 class=\"uagb-heading-text\">VALORES DE LA INSTITUCI\u00d3N<\/h2><\/div>\n\n\n\n<div style=\"height:38px\" aria-hidden=\"true\" class=\"wp-block-spacer\"><\/div>\n\n\n\n<div class=\"wp-block-uagb-container uagb-block-adf4ed7e alignfull uagb-is-root-container\"><div class=\"uagb-container-inner-blocks-wrap\">\n<div class=\"wp-block-uagb-container uagb-block-111f75a0\">      \n\t\t\t<div class=\"uagb-icon-wrapper uagb-block-718ac8b7      \"\n\t\t\tstyle=\"\" >\n\t\t\t\t\t\t\t\t\t<span class=\"uagb-svg-wrapper\" \n\t\t\t\t\t aria-label=\"people-roof\"\t\t\t\t\ttabindex=\"0\">\t\t\n\t\t\t\t\t\t\t\t\t\t<svg xmlns=\"https:\/\/www.w3.org\/2000\/svg\" viewBox= \"0 0 640 512\" role=\"graphics-symbol\" aria-hidden=\"false\" aria-label=\"\"><path d=\"M623.5 164C638.1 172.6 644.6 192.1 635.1 207.5C627.4 222.1 607.9 228.6 592.5 219.1L319.1 68.61L47.54 219.1C32.09 228.6 12.61 222.1 4.025 207.5C-4.558 192.1 1.008 172.6 16.46 164L304.5 4.027C314.1-1.342 325.9-1.342 335.5 4.027L623.5 164zM279.1 200C279.1 177.9 297.9 160 319.1 160C342.1 160 359.1 177.9 359.1 200C359.1 222.1 342.1 240 319.1 240C297.9 240 279.1 222.1 279.1 200zM103.1 296C103.1 273.9 121.9 256 143.1 256C166.1 256 183.1 273.9 183.1 296C183.1 318.1 166.1 336 143.1 336C121.9 336 103.1 318.1 103.1 296V296zM535.1 296C535.1 318.1 518.1 336 495.1 336C473.9 336 455.1 318.1 455.1 296C455.1 273.9 473.9 256 495.1 256C518.1 256 535.1 273.9 535.1 296zM226.9 491.4L199.1 441.5V480C199.1 497.7 185.7 512 167.1 512H119.1C102.3 512 87.1 497.7 87.1 480V441.5L61.13 491.4C54.84 503 40.29 507.4 28.62 501.1C16.95 494.8 12.58 480.3 18.87 468.6L56.74 398.3C72.09 369.8 101.9 352 134.2 352H153.8C170.1 352 185.7 356.5 199.2 364.6L232.7 302.3C248.1 273.8 277.9 255.1 310.2 255.1H329.8C362.1 255.1 391.9 273.8 407.3 302.3L440.8 364.6C454.3 356.5 469.9 352 486.2 352H505.8C538.1 352 567.9 369.8 583.3 398.3L621.1 468.6C627.4 480.3 623 494.8 611.4 501.1C599.7 507.4 585.2 503 578.9 491.4L551.1 441.5V480C551.1 497.7 537.7 512 519.1 512H471.1C454.3 512 439.1 497.7 439.1 480V441.5L413.1 491.4C406.8 503 392.3 507.4 380.6 501.1C368.1 494.8 364.6 480.3 370.9 468.6L407.2 401.1C405.5 399.5 404 397.6 402.9 395.4L375.1 345.5V400C375.1 417.7 361.7 432 343.1 432H295.1C278.3 432 263.1 417.7 263.1 400V345.5L237.1 395.4C235.1 397.6 234.5 399.5 232.8 401.1L269.1 468.6C275.4 480.3 271 494.8 259.4 501.1C247.7 507.4 233.2 503 226.9 491.4H226.9z\"><\/path><\/svg>\n\t\t\t\t\t\t\t\t\t<\/span>\n\t\t\t\t\t\t\t<\/div>\n\t\t\t\n\n\n<div class=\"wp-block-uagb-advanced-heading uagb-block-11fee510\"><h2 class=\"uagb-heading-text\">RESPETO<\/h2><\/div>\n<\/div>\n\n\n\n<div class=\"wp-block-uagb-container uagb-block-7a8fa20a\">      \n\t\t\t<div class=\"uagb-icon-wrapper uagb-block-1a26fd89      \"\n\t\t\tstyle=\"\" >\n\t\t\t\t\t\t\t\t\t<span class=\"uagb-svg-wrapper\" \n\t\t\t\t\t aria-label=\"face-grin-beam\"\t\t\t\t\ttabindex=\"0\">\t\t\n\t\t\t\t\t\t\t\t\t\t<svg xmlns=\"https:\/\/www.w3.org\/2000\/svg\" viewBox= \"0 0 512 512\" role=\"graphics-symbol\" aria-hidden=\"false\" aria-label=\"\"><path d=\"M0 256C0 114.6 114.6 0 256 0C397.4 0 512 114.6 512 256C512 397.4 397.4 512 256 512C114.6 512 0 397.4 0 256zM256.3 331.8C208.9 331.8 164.1 324.9 124.5 312.8C112.2 309 100.2 319.7 105.2 331.5C130.1 390.6 188.4 432 256.3 432C324.2 432 382.4 390.6 407.4 331.5C412.4 319.7 400.4 309 388.1 312.8C348.4 324.9 303.7 331.8 256.3 331.8H256.3zM226.5 231.6C229.8 230.5 232 227.4 232 224C232 206.1 225.3 188.4 215.4 175.2C205.6 162.2 191.5 152 176 152C160.5 152 146.4 162.2 136.6 175.2C126.7 188.4 120 206.1 120 224C120 227.4 122.2 230.5 125.5 231.6C128.7 232.7 132.3 231.6 134.4 228.8L134.4 228.8L134.6 228.5C134.8 228.3 134.1 228 135.3 227.6C135.1 226.8 136.9 225.7 138.1 224.3C140.6 221.4 144.1 217.7 148.3 213.1C157.1 206.2 167.2 200 176 200C184.8 200 194.9 206.2 203.7 213.1C207.9 217.7 211.4 221.4 213.9 224.3C215.1 225.7 216 226.8 216.7 227.6C217 228 217.2 228.3 217.4 228.5L217.6 228.8L217.6 228.8C219.7 231.6 223.3 232.7 226.5 231.6V231.6zM377.6 228.8C379.7 231.6 383.3 232.7 386.5 231.6C389.8 230.5 392 227.4 392 224C392 206.1 385.3 188.4 375.4 175.2C365.6 162.2 351.5 152 336 152C320.5 152 306.4 162.2 296.6 175.2C286.7 188.4 280 206.1 280 224C280 227.4 282.2 230.5 285.5 231.6C288.7 232.7 292.3 231.6 294.4 228.8L294.4 228.8L294.6 228.5C294.8 228.3 294.1 228 295.3 227.6C295.1 226.8 296.9 225.7 298.1 224.3C300.6 221.4 304.1 217.7 308.3 213.1C317.1 206.2 327.2 200 336 200C344.8 200 354.9 206.2 363.7 213.1C367.9 217.7 371.4 221.4 373.9 224.3C375.1 225.7 376 226.8 376.7 227.6C377 228 377.2 228.3 377.4 228.5L377.6 228.8L377.6 228.8z\"><\/path><\/svg>\n\t\t\t\t\t\t\t\t\t<\/span>\n\t\t\t\t\t\t\t<\/div>\n\t\t\t\n\n\n<div class=\"wp-block-uagb-advanced-heading uagb-block-cc645d69\"><h2 class=\"uagb-heading-text\">HONESTIDAD<\/h2><\/div>\n<\/div>\n\n\n\n<div class=\"wp-block-uagb-container uagb-block-127bdad5\">      \n\t\t\t<div class=\"uagb-icon-wrapper uagb-block-e5ade59e      \"\n\t\t\tstyle=\"\" >\n\t\t\t\t\t\t\t\t\t<span class=\"uagb-svg-wrapper\" \n\t\t\t\t\t aria-label=\"handshake\"\t\t\t\t\ttabindex=\"0\">\t\t\n\t\t\t\t\t\t\t\t\t\t<svg xmlns=\"https:\/\/www.w3.org\/2000\/svg\" viewBox= \"0 0 640 512\" role=\"graphics-symbol\" aria-hidden=\"false\" aria-label=\"\"><path d=\"M0 383.9l64 .0404c17.75 0 32-14.29 32-32.03V128.3L0 128.3V383.9zM48 320.1c8.75 0 16 7.118 16 15.99c0 8.742-7.25 15.99-16 15.99S32 344.8 32 336.1C32 327.2 39.25 320.1 48 320.1zM348.8 64c-7.941 0-15.66 2.969-21.52 8.328L228.9 162.3C228.8 162.5 228.8 162.7 228.6 162.7C212 178.3 212.3 203.2 226.5 218.7c12.75 13.1 39.38 17.62 56.13 2.75C282.8 221.3 282.9 221.3 283 221.2l79.88-73.1c6.5-5.871 16.75-5.496 22.62 1c6 6.496 5.5 16.62-1 22.62l-26.12 23.87L504 313.7c2.875 2.496 5.5 4.996 7.875 7.742V127.1c-40.98-40.96-96.48-63.88-154.4-63.88L348.8 64zM334.6 217.4l-30 27.49c-29.75 27.11-75.25 24.49-101.8-4.371C176 211.2 178.1 165.7 207.3 138.9L289.1 64H282.5C224.7 64 169.1 87.08 128.2 127.9L128 351.8l18.25 .0369l90.5 81.82c27.5 22.37 67.75 18.12 90-9.246l18.12 15.24c15.88 12.1 39.38 10.5 52.38-5.371l31.38-38.6l5.374 4.498c13.75 11 33.88 9.002 45-4.748l9.538-11.78c11.12-13.75 9.036-33.78-4.694-44.93L334.6 217.4zM544 128.4v223.6c0 17.62 14.25 32.05 31.1 32.05L640 384V128.1L544 128.4zM592 352c-8.75 0-16-7.246-16-15.99c0-8.875 7.25-15.99 16-15.99S608 327.2 608 336.1C608 344.8 600.8 352 592 352z\"><\/path><\/svg>\n\t\t\t\t\t\t\t\t\t<\/span>\n\t\t\t\t\t\t\t<\/div>\n\t\t\t\n\n\n<div class=\"wp-block-uagb-advanced-heading uagb-block-d27dd748\"><h2 class=\"uagb-heading-text\">SOLIDARIDAD<\/h2><\/div>\n<\/div>\n\n\n\n<div class=\"wp-block-uagb-container uagb-block-a5de54f6\">      \n\t\t\t<div class=\"uagb-icon-wrapper uagb-block-a95dcae4      \"\n\t\t\tstyle=\"\" >\n\t\t\t\t\t\t\t\t\t<span class=\"uagb-svg-wrapper\" \n\t\t\t\t\t aria-label=\"children\"\t\t\t\t\ttabindex=\"0\">\t\t\n\t\t\t\t\t\t\t\t\t\t<svg xmlns=\"https:\/\/www.w3.org\/2000\/svg\" viewBox= \"0 0 640 512\" role=\"graphics-symbol\" aria-hidden=\"false\" aria-label=\"\"><path d=\"M95.1 64C95.1 28.65 124.7 0 159.1 0C195.3 0 223.1 28.65 223.1 64C223.1 99.35 195.3 128 159.1 128C124.7 128 95.1 99.35 95.1 64zM88 480V400H70.2C59.28 400 51.57 389.3 55.02 378.9L86.16 285.5L57.5 323.3C46.82 337.4 26.75 340.2 12.67 329.5C-1.415 318.8-4.175 298.7 6.503 284.7L65.4 206.1C87.84 177.4 122.9 160 160 160C197.2 160 232.2 177.4 254.6 206.1L313.5 284.7C324.2 298.7 321.4 318.8 307.3 329.5C293.3 340.2 273.2 337.4 262.5 323.3L233.9 285.6L264.1 378.9C268.4 389.3 260.7 400 249.8 400H232V480C232 497.7 217.7 512 200 512C182.3 512 168 497.7 168 480V400H152V480C152 497.7 137.7 512 120 512C102.3 512 88 497.7 88 480H88zM416 64C416 28.65 444.7 0 480 0C515.3 0 544 28.65 544 64C544 99.35 515.3 128 480 128C444.7 128 416 99.35 416 64V64zM472 384V480C472 497.7 457.7 512 440 512C422.3 512 408 497.7 408 480V300.5L395.1 321C385.7 336 365.9 340.5 350.1 331.1C336 321.7 331.5 301.9 340.9 286.1L392.6 204.9C410.2 176.9 440.9 159.1 473.8 159.1H486.2C519.2 159.1 549.8 176.9 567.4 204.9L619.1 286.1C628.5 301.9 624 321.7 609 331.1C594.1 340.5 574.3 336 564.9 321L552 300.5V480C552 497.7 537.7 512 520 512C502.3 512 488 497.7 488 480V384L472 384z\"><\/path><\/svg>\n\t\t\t\t\t\t\t\t\t<\/span>\n\t\t\t\t\t\t\t<\/div>\n\t\t\t\n\n\n<div class=\"wp-block-uagb-advanced-heading uagb-block-5b234407\"><h2 class=\"uagb-heading-text\">HUMILDAD<\/h2><\/div>\n<\/div>\n<\/div><\/div>\n\n\n\n<div style=\"height:61px\" aria-hidden=\"true\" class=\"wp-block-spacer\"><\/div>\n\n\n\n<div class=\"wp-block-uagb-container uagb-block-6e6459de alignfull uagb-is-root-container\"><div class=\"uagb-container-inner-blocks-wrap\">\n<div class=\"wp-block-uagb-container uagb-block-68401b0e\">\n<div class=\"wp-block-uagb-info-box uagb-block-6dc6db98 uagb-infobox__content-wrap  uagb-infobox-icon-above-title uagb-infobox-image-valign-top\"><div class=\"uagb-ifb-content\"><div class=\"uagb-ifb-title-wrap\"><h3 class=\"uagb-ifb-title\">MISI\u00d3N<\/h3><\/div><p class=\"uagb-ifb-desc\">Nuestra misi\u00f3n es ofrecer una educaci\u00f3n triling\u00fce de alta calidad, con atenci\u00f3n personalizada y un ambiente seguro, donde cada estudiante desarrolle sus capacidades intelectuales, sociales y art\u00edsticas, formando h\u00e1bitos positivos y una base \u00e9tica para su vida.<\/p><\/div><\/div>\n<\/div>\n\n\n\n<div class=\"wp-block-uagb-container uagb-block-37e0f8d4\">\n<div class=\"wp-block-uagb-info-box uagb-block-87cb322f uagb-infobox__content-wrap  uagb-infobox-icon-above-title uagb-infobox-image-valign-top\"><div class=\"uagb-ifb-content\"><div class=\"uagb-ifb-title-wrap\"><h3 class=\"uagb-ifb-title\">VISI\u00d3N<\/h3><\/div><p class=\"uagb-ifb-desc\">Saint Nicholas of Fl\u00fce School aspira a ser la mejor opci\u00f3n educativa del pa\u00eds, formando estudiantes conscientes, responsables y comprometidos, capaces de aportar al futuro de la sociedad y construir un mundo m\u00e1s justo y solidario.<\/p><\/div><\/div>\n<\/div>\n<\/div><\/div>\n\n\n\n<div style=\"height:100px\" aria-hidden=\"true\" class=\"wp-block-spacer\"><\/div>\n\n\n\n<div data-aos= \"fade-right\" data-aos-duration=\"400\" data-aos-delay=\"0\" data-aos-easing=\"ease\" data-aos-once=\"true\" class=\"wp-block-uagb-container uagb-block-90f0cbd2 alignfull uagb-is-root-container\"><div class=\"uagb-container-inner-blocks-wrap\">\n<div class=\"wp-block-uagb-advanced-heading uagb-block-07de9d66\"><h1 class=\"uagb-heading-text\">CONTACTOS<\/h1><\/div>\n<\/div><\/div>\n\n\n\n<div style=\"height:27px\" aria-hidden=\"true\" class=\"wp-block-spacer\"><\/div>\n\n\n\n<div class=\"wp-block-uagb-container uagb-block-67b59a19 alignfull uagb-is-root-container\"><div class=\"uagb-container-inner-blocks-wrap\">\n<div class=\"wp-block-uagb-container uagb-block-c08fd8ac\">\n<div class=\"wp-block-uagb-info-box uagb-block-e251f2ee uagb-infobox__content-wrap  uagb-infobox-icon-above-title uagb-infobox-image-valign-top\"><div class=\"uagb-ifb-content\"><div class=\"uagb-ifb-title-wrap\"><h3 class=\"uagb-ifb-title\">Preescolar &#8211; Primaria<\/h3><\/div><p class=\"uagb-ifb-desc\">Tel\u00e9fono: 2265-8060<br>Celular: 6116-1920<br>Correo: admisiones@saintnicholas.ed.cr<br>Ubicaci\u00f3n: San Joaqu\u00edn de Flores, Heredia<\/p><\/div><\/div>\n<\/div>\n\n\n\n<div class=\"wp-block-uagb-container uagb-block-a2649097\">\n<div class=\"wp-block-uagb-info-box uagb-block-e6243110 uagb-infobox__content-wrap  uagb-infobox-icon-above-title uagb-infobox-image-valign-top\"><div class=\"uagb-ifb-content\"><div class=\"uagb-ifb-title-wrap\"><h3 class=\"uagb-ifb-title\">Secundaria<\/h3><\/div><p class=\"uagb-ifb-desc\">Tel\u00e9fono: 2265-9115<br>Celular: 6116-1920<br>Correo: admisiones@saintnicholas.ed.cr<br>Ubicaci\u00f3n: San Lorenzo de Flores, Heredia<\/p><\/div><\/div>\n<\/div>\n\n\n\n<div data-aos= \"fade-left\" data-aos-duration=\"400\" data-aos-delay=\"0\" data-aos-easing=\"ease\" data-aos-once=\"true\" class=\"wp-block-uagb-container uagb-block-45e3d06e\">\n<div class=\"wp-block-wpzoom-blocks-social-icons is-style-with-canvas-round\" style=\"--wpz-social-icons-block-item-font-size:41px;--wpz-social-icons-block-item-padding-horizontal:6px;--wpz-social-icons-block-item-padding-vertical:6px;--wpz-social-icons-block-item-margin-horizontal:5px;--wpz-social-icons-block-item-margin-vertical:5px;--wpz-social-icons-block-item-border-radius:50px;--wpz-social-icons-block-label-font-size:16px;--wpz-social-icons-block-label-color:#2e3131;--wpz-social-icons-block-label-color-hover:#2e3131;--wpz-social-icons-alignment:center\"><a href=\"https:\/\/www.facebook.com\/SaintNicholasFlueSchool\" class=\"social-icon-link\" target=\"_blank\" rel=\"noopener\" title=\"Facebook\" style=\"--wpz-social-icons-block-item-color:#294e80;--wpz-social-icons-block-item-color-hover:#0866FF\"><span class=\"social-icon socicon socicon-facebook\"><\/span><\/a><a href=\"https:\/\/www.instagram.com\/snfscostarica\/\" class=\"social-icon-link\" target=\"_blank\" rel=\"noopener\" title=\"Instagram\" style=\"--wpz-social-icons-block-item-color:#294e80;--wpz-social-icons-block-item-color-hover:#E4405F\"><span class=\"social-icon socicon socicon-instagram\"><\/span><\/a><a href=\"https:\/\/wa.me\/50661161920\" class=\"social-icon-link\" target=\"_blank\" rel=\"noopener\" title=\"Whatsapp\" style=\"--wpz-social-icons-block-item-color:#294e80;--wpz-social-icons-block-item-color-hover:#228a1f\"><span class=\"social-icon socicon socicon-whatsapp\"><\/span><\/a><a href=\"https:\/\/www.tiktok.com\/@snfs.cr?_r=1u0026_t=ZS-93ml4E1FvO9\" class=\"social-icon-link\" target=\"_blank\" rel=\"noopener\" title=\"Tiktok\" style=\"--wpz-social-icons-block-item-color:#294e80;--wpz-social-icons-block-item-color-hover:#000000\"><span class=\"social-icon socicon socicon-tiktok\"><\/span><\/a><\/div>\n<\/div>\n<\/div><\/div>\n\n\n\n<div style=\"height:47px\" aria-hidden=\"true\" class=\"wp-block-spacer\"><\/div>\n\n\n\n<div class=\"wp-block-uagb-container uagb-block-7a02837a alignfull uagb-is-root-container\"><div class=\"uagb-container-inner-blocks-wrap\">\n<div class=\"wp-block-uagb-image uagb-block-453d13db wp-block-uagb-image--layout-default wp-block-uagb-image--effect-static wp-block-uagb-image--align-none\"><figure class=\"wp-block-uagb-image__figure\"><img loading=\"lazy\" decoding=\"async\"  sizes=\"auto, (max-width: 480px) 150px\" src=\"https:\/\/saintnicholas.ed.cr\/wp-content\/uploads\/2026\/02\/Logos-web-scaled.jpg\" alt=\"\" width=\"2560\" height=\"382\" title=\"\" loading=\"lazy\" role=\"img\"\/><\/figure><\/div>\n<\/div><\/div>\n\n\n\n<p><\/p>\n","protected":false},"excerpt":{"rendered":"<p>VALORES DE LA INSTITUCI\u00d3N RESPETO HONESTIDAD SOLIDARIDAD HUMILDAD CONTACTOS<\/p>\n","protected":false},"author":1,"featured_media":0,"parent":0,"menu_order":0,"comment_status":"closed","ping_status":"closed","template":"","meta":{"_acf_changed":false,"_uag_custom_page_level_css":"","site-sidebar-layout":"default","site-content-layout":"","ast-site-content-layout":"default","site-content-style":"default","site-sidebar-style":"default","ast-global-header-display":"","ast-banner-title-visibility":"","ast-main-header-display":"","ast-hfb-above-header-display":"","ast-hfb-below-header-display":"","ast-hfb-mobile-header-display":"","site-post-title":"","ast-breadcrumbs-content":"","ast-featured-img":"","footer-sml-layout":"","ast-disable-related-posts":"","theme-transparent-header-meta":"","adv-header-id-meta":"","stick-header-meta":"","header-above-stick-meta":"","header-main-stick-meta":"","header-below-stick-meta":"","astra-migrate-meta-layouts":"set","ast-page-background-enabled":"default","ast-page-background-meta":{"desktop":{"background-color":"var(--ast-global-color-4)","background-image":"","background-repeat":"repeat","background-position":"center center","background-size":"auto","background-attachment":"scroll","background-type":"","background-media":"","overlay-type":"","overlay-color":"","overlay-opacity":"","overlay-gradient":""},"tablet":{"background-color":"","background-image":"","background-repeat":"repeat","background-position":"center center","background-size":"auto","background-attachment":"scroll","background-type":"","background-media":"","overlay-type":"","overlay-color":"","overlay-opacity":"","overlay-gradient":""},"mobile":{"background-color":"","background-image":"","background-repeat":"repeat","background-position":"center center","background-size":"auto","background-attachment":"scroll","background-type":"","background-media":"","overlay-type":"","overlay-color":"","overlay-opacity":"","overlay-gradient":""}},"ast-content-background-meta":{"desktop":{"background-color":"var(--ast-global-color-5)","background-image":"","background-repeat":"repeat","background-position":"center center","background-size":"auto","background-attachment":"scroll","background-type":"","background-media":"","overlay-type":"","overlay-color":"","overlay-opacity":"","overlay-gradient":""},"tablet":{"background-color":"var(--ast-global-color-5)","background-image":"","background-repeat":"repeat","background-position":"center center","background-size":"auto","background-attachment":"scroll","background-type":"","background-media":"","overlay-type":"","overlay-color":"","overlay-opacity":"","overlay-gradient":""},"mobile":{"background-color":"var(--ast-global-color-5)","background-image":"","background-repeat":"repeat","background-position":"center center","background-size":"auto","background-attachment":"scroll","background-type":"","background-media":"","overlay-type":"","overlay-color":"","overlay-opacity":"","overlay-gradient":""}},"_vp_format_video_url":"","_vp_image_focal_point":[],"footnotes":""},"class_list":["post-3987","page","type-page","status-publish","hentry"],"acf":[],"featured_image_src":null,"featured_image_src_square":null,"uagb_featured_image_src":{"full":false,"thumbnail":false,"medium":false,"medium_large":false,"large":false,"1536x1536":false,"2048x2048":false,"vp_sm":false,"vp_md":false,"vp_lg":false,"vp_xl":false,"vp_sm_popup":false,"vp_md_popup":false,"vp_xl_popup":false,"gb-block-post-grid-landscape":false,"gb-block-post-grid-square":false,"thumb_255x255":false,"form-edit-image-preview":false},"uagb_author_info":{"display_name":"saintnicholas","author_link":"https:\/\/saintnicholas.ed.cr\/en\/author\/saintnicholas\/"},"uagb_comment_info":0,"uagb_excerpt":"VALORES DE LA INSTITUCI\u00d3N RESPETO HONESTIDAD SOLIDARIDAD HUMILDAD CONTACTOS","_links":{"self":[{"href":"https:\/\/saintnicholas.ed.cr\/en\/wp-json\/wp\/v2\/pages\/3987","targetHints":{"allow":["GET"]}}],"collection":[{"href":"https:\/\/saintnicholas.ed.cr\/en\/wp-json\/wp\/v2\/pages"}],"about":[{"href":"https:\/\/saintnicholas.ed.cr\/en\/wp-json\/wp\/v2\/types\/page"}],"author":[{"embeddable":true,"href":"https:\/\/saintnicholas.ed.cr\/en\/wp-json\/wp\/v2\/users\/1"}],"replies":[{"embeddable":true,"href":"https:\/\/saintnicholas.ed.cr\/en\/wp-json\/wp\/v2\/comments?post=3987"}],"version-history":[{"count":20,"href":"https:\/\/saintnicholas.ed.cr\/en\/wp-json\/wp\/v2\/pages\/3987\/revisions"}],"predecessor-version":[{"id":4241,"href":"https:\/\/saintnicholas.ed.cr\/en\/wp-json\/wp\/v2\/pages\/3987\/revisions\/4241"}],"wp:attachment":[{"href":"https:\/\/saintnicholas.ed.cr\/en\/wp-json\/wp\/v2\/media?parent=3987"}],"curies":[{"name":"wp","href":"https:\/\/api.w.org\/{rel}","templated":true}]}}